{"id":832,"date":"2023-06-29T07:39:30","date_gmt":"2023-06-29T06:39:30","guid":{"rendered":"http:\/\/pharealab.site\/?post_type=product&#038;p=832"},"modified":"2023-07-28T07:15:48","modified_gmt":"2023-07-28T06:15:48","slug":"zasilenie-konta-aimedo","status":"publish","type":"product","link":"https:\/\/sklep2.epruf.pl\/?product=zasilenie-konta-aimedo","title":{"rendered":"Zasilenie konta aimedo"},"content":{"rendered":"<div class=\"txtLong\">\n<p style=\"text-align: center;\"><span style=\"vertical-align: inherit;\"><span style=\"vertical-align: inherit;\">Nagrody skierowane do korzy\u015bci<\/span><\/span><\/p>\n<p style=\"text-align: center;\">\n<\/div>\n<div class=\"regInfo printInvisible\" style=\"text-align: center;\"><span style=\"vertical-align: inherit;\"><span style=\"vertical-align: inherit;\">Przed wys\u0142aniem formularza zapoznaj si\u0119 dok\u0142adnie\u00a0 <\/span><\/span><a title=\"przepisy prawne\" href=\"https:\/\/sklep.epruf.pl\/Sklep_ePRUF_REGULAMIN_z_ZALACZNIKAMI_2015%20.pdf\" target=\"_blank\" rel=\"noopener\"><span style=\"vertical-align: inherit;\"><span style=\"vertical-align: inherit;\">z regulaminem<\/span><\/span><\/a><span style=\"vertical-align: inherit;\"><span style=\"vertical-align: inherit;\"> kart podarunkowych ePRUF \u00a0.<\/span><\/span><\/div>\n","protected":false},"excerpt":{"rendered":"<p>Nagrody skierowane do korzy\u015bci Przed wys\u0142aniem formularza zapoznaj si\u0119 dok\u0142adnie\u00a0 z regulaminem kart podarunkowych ePRUF \u00a0.<\/p>\n","protected":false},"featured_media":979,"comment_status":"open","ping_status":"closed","template":"","meta":[],"product_brand":[],"product_cat":[29],"product_tag":[],"class_list":{"0":"post-832","1":"product","2":"type-product","3":"status-publish","4":"has-post-thumbnail","6":"product_cat-aimedo","8":"first","9":"outofstock","10":"shipping-taxable","11":"purchasable","12":"product-type-simple"},"jetpack_sharing_enabled":true,"_links":{"self":[{"href":"https:\/\/sklep2.epruf.pl\/index.php?rest_route=\/wp\/v2\/product\/832","targetHints":{"allow":["GET"]}}],"collection":[{"href":"https:\/\/sklep2.epruf.pl\/index.php?rest_route=\/wp\/v2\/product"}],"about":[{"href":"https:\/\/sklep2.epruf.pl\/index.php?rest_route=\/wp\/v2\/types\/product"}],"replies":[{"embeddable":true,"href":"https:\/\/sklep2.epruf.pl\/index.php?rest_route=%2Fwp%2Fv2%2Fcomments&post=832"}],"version-history":[{"count":3,"href":"https:\/\/sklep2.epruf.pl\/index.php?rest_route=\/wp\/v2\/product\/832\/revisions"}],"predecessor-version":[{"id":1363,"href":"https:\/\/sklep2.epruf.pl\/index.php?rest_route=\/wp\/v2\/product\/832\/revisions\/1363"}],"wp:featuredmedia":[{"embeddable":true,"href":"https:\/\/sklep2.epruf.pl\/index.php?rest_route=\/wp\/v2\/media\/979"}],"wp:attachment":[{"href":"https:\/\/sklep2.epruf.pl\/index.php?rest_route=%2Fwp%2Fv2%2Fmedia&parent=832"}],"wp:term":[{"taxonomy":"product_brand","embeddable":true,"href":"https:\/\/sklep2.epruf.pl\/index.php?rest_route=%2Fwp%2Fv2%2Fproduct_brand&post=832"},{"taxonomy":"product_cat","embeddable":true,"href":"https:\/\/sklep2.epruf.pl\/index.php?rest_route=%2Fwp%2Fv2%2Fproduct_cat&post=832"},{"taxonomy":"product_tag","embeddable":true,"href":"https:\/\/sklep2.epruf.pl\/index.php?rest_route=%2Fwp%2Fv2%2Fproduct_tag&post=832"}],"curies":[{"name":"wp","href":"https:\/\/api.w.org\/{rel}","templated":true}]}}