{"id":602,"date":"2023-06-27T15:46:06","date_gmt":"2023-06-27T15:46:06","guid":{"rendered":"http:\/\/pharealab.site\/?post_type=product&#038;p=602"},"modified":"2023-07-28T07:16:19","modified_gmt":"2023-07-28T06:16:19","slug":"karta-razem-mozemy-wiecej-bez-nominalu","status":"publish","type":"product","link":"https:\/\/sklep2.epruf.pl\/?product=karta-razem-mozemy-wiecej-bez-nominalu","title":{"rendered":"Karta Razem Mo\u017cemy Wi\u0119cej bez nomina\u0142u"},"content":{"rendered":"<div class=\"txtLong\">\n<p style=\"text-align: center;\">Karta upowa\u017cnia do bezgot\u00f3wkowego zakupu produkt\u00f3w dost\u0119pnych w aptece, z wy\u0142\u0105czeniem kosmetyk\u00f3w a\u017c do wyczerpania limitu \u015brodk\u00f3w okre\u015blonego przez nomina\u0142 karty. Wi\u0119cej o Projekcie RAZEM MO\u017bEMY WI\u0118CEJ na www.fundacja.doz.pl<\/p>\n<p style=\"text-align: center;\">\n<\/div>\n<div class=\"regInfo printInvisible\" style=\"text-align: center;\">Przed wys\u0142aniem formularza zapoznaj si\u0119 uwa\u017cnie z\u00a0<a title=\"regulaminem\" href=\"https:\/\/sklep.epruf.pl\/Sklep_ePRUF_REGULAMIN_z_ZALACZNIKAMI_2015%20.pdf\" target=\"_blank\" rel=\"noopener\">regulaminem<\/a>\u00a0podarunkowych kart ePRUF.<\/div>\n","protected":false},"excerpt":{"rendered":"<p>Karta upowa\u017cnia do bezgot\u00f3wkowego zakupu produkt\u00f3w dost\u0119pnych w aptece, z wy\u0142\u0105czeniem kosmetyk\u00f3w a\u017c do wyczerpania limitu \u015brodk\u00f3w okre\u015blonego przez nomina\u0142 karty. Wi\u0119cej o Projekcie RAZEM MO\u017bEMY WI\u0118CEJ na www.fundacja.doz.pl Przed wys\u0142aniem formularza zapoznaj si\u0119 uwa\u017cnie z\u00a0regulaminem\u00a0podarunkowych kart ePRUF.<\/p>\n","protected":false},"featured_media":645,"comment_status":"open","ping_status":"closed","template":"","meta":[],"product_brand":[],"product_cat":[26],"product_tag":[],"class_list":{"0":"post-602","1":"product","2":"type-product","3":"status-publish","4":"has-post-thumbnail","6":"product_cat-doz","8":"first","9":"instock","10":"purchasable","11":"product-type-simple"},"jetpack_sharing_enabled":true,"_links":{"self":[{"href":"https:\/\/sklep2.epruf.pl\/index.php?rest_route=\/wp\/v2\/product\/602","targetHints":{"allow":["GET"]}}],"collection":[{"href":"https:\/\/sklep2.epruf.pl\/index.php?rest_route=\/wp\/v2\/product"}],"about":[{"href":"https:\/\/sklep2.epruf.pl\/index.php?rest_route=\/wp\/v2\/types\/product"}],"replies":[{"embeddable":true,"href":"https:\/\/sklep2.epruf.pl\/index.php?rest_route=%2Fwp%2Fv2%2Fcomments&post=602"}],"version-history":[{"count":2,"href":"https:\/\/sklep2.epruf.pl\/index.php?rest_route=\/wp\/v2\/product\/602\/revisions"}],"predecessor-version":[{"id":1354,"href":"https:\/\/sklep2.epruf.pl\/index.php?rest_route=\/wp\/v2\/product\/602\/revisions\/1354"}],"wp:featuredmedia":[{"embeddable":true,"href":"https:\/\/sklep2.epruf.pl\/index.php?rest_route=\/wp\/v2\/media\/645"}],"wp:attachment":[{"href":"https:\/\/sklep2.epruf.pl\/index.php?rest_route=%2Fwp%2Fv2%2Fmedia&parent=602"}],"wp:term":[{"taxonomy":"product_brand","embeddable":true,"href":"https:\/\/sklep2.epruf.pl\/index.php?rest_route=%2Fwp%2Fv2%2Fproduct_brand&post=602"},{"taxonomy":"product_cat","embeddable":true,"href":"https:\/\/sklep2.epruf.pl\/index.php?rest_route=%2Fwp%2Fv2%2Fproduct_cat&post=602"},{"taxonomy":"product_tag","embeddable":true,"href":"https:\/\/sklep2.epruf.pl\/index.php?rest_route=%2Fwp%2Fv2%2Fproduct_tag&post=602"}],"curies":[{"name":"wp","href":"https:\/\/api.w.org\/{rel}","templated":true}]}}