{"id":600,"date":"2023-06-27T15:44:42","date_gmt":"2023-06-27T15:44:42","guid":{"rendered":"http:\/\/pharealab.site\/?post_type=product&#038;p=600"},"modified":"2023-07-28T07:06:30","modified_gmt":"2023-07-28T06:06:30","slug":"karta-podaruj-zdrowie-200zl","status":"publish","type":"product","link":"https:\/\/sklep2.epruf.pl\/?product=karta-podaruj-zdrowie-200zl","title":{"rendered":"Karta Podaruj Zdrowie 200z\u0142"},"content":{"rendered":"<div class=\"txtLong\">\n<p style=\"text-align: center;\"><span style=\"vertical-align: inherit;\"><span style=\"vertical-align: inherit;\">Karta wydawana beneficjentom Fundacji Dbam o Zdrowie w ramach pomocy pomocy. <\/span><span style=\"vertical-align: inherit;\">Pozwala na zakup lek\u00f3w i wybranych pordukt\u00f3w medycznych z kosmetykami.<\/span><\/span><\/p>\n<p style=\"text-align: center;\">\n<\/div>\n<div class=\"regInfo printInvisible\" style=\"text-align: center;\"><span style=\"vertical-align: inherit;\"><span style=\"vertical-align: inherit;\">Przedtem prosimy o zapoznanie si\u0119 z\u00a0 <\/span><\/span><a title=\"regulaminem\" href=\"https:\/\/sklep.epruf.pl\/Sklep_ePRUF_REGULAMIN_z_ZALACZNIKAMI_2015%20.pdf\" target=\"_blank\" rel=\"noopener\"><span style=\"vertical-align: inherit;\"><span style=\"vertical-align: inherit;\">regulaminem<\/span><\/span><\/a><span style=\"vertical-align: inherit;\"><span style=\"vertical-align: inherit;\"> \u00a0podarunkowych kart ePRUF.<\/span><\/span><\/div>\n<form id=\"add_to_cart\" action=\"https:\/\/sklep.epruf.pl\/karta\/?id=78#\" method=\"post\">\n<div>\n<div class=\"cardNominal\" style=\"text-align: center;\"><span class=\"productValue\"><span style=\"vertical-align: inherit;\"><span style=\"vertical-align: inherit;\">Nominalna:\u00a0 <\/span><\/span><b><span style=\"vertical-align: inherit;\"><span style=\"vertical-align: inherit;\">200 z\u0142<\/span><\/span><\/b><\/span><\/div>\n<\/div>\n<\/form>\n","protected":false},"excerpt":{"rendered":"<p>Karta wydawana beneficjentom Fundacji Dbam o Zdrowie w ramach pomocy pomocy. Pozwala na zakup lek\u00f3w i wybranych pordukt\u00f3w medycznych z kosmetykami. Przedtem prosimy o zapoznanie si\u0119 z\u00a0 regulaminem \u00a0podarunkowych kart ePRUF. Nominalna:\u00a0 200 z\u0142<\/p>\n","protected":false},"featured_media":981,"comment_status":"open","ping_status":"closed","template":"","meta":[],"product_brand":[],"product_cat":[15],"product_tag":[],"class_list":{"0":"post-600","1":"product","2":"type-product","3":"status-publish","4":"has-post-thumbnail","6":"product_cat-uncategorized","8":"first","9":"outofstock","10":"sold-individually","11":"purchasable","12":"product-type-simple"},"jetpack_sharing_enabled":true,"_links":{"self":[{"href":"https:\/\/sklep2.epruf.pl\/index.php?rest_route=\/wp\/v2\/product\/600","targetHints":{"allow":["GET"]}}],"collection":[{"href":"https:\/\/sklep2.epruf.pl\/index.php?rest_route=\/wp\/v2\/product"}],"about":[{"href":"https:\/\/sklep2.epruf.pl\/index.php?rest_route=\/wp\/v2\/types\/product"}],"replies":[{"embeddable":true,"href":"https:\/\/sklep2.epruf.pl\/index.php?rest_route=%2Fwp%2Fv2%2Fcomments&post=600"}],"version-history":[{"count":3,"href":"https:\/\/sklep2.epruf.pl\/index.php?rest_route=\/wp\/v2\/product\/600\/revisions"}],"predecessor-version":[{"id":1349,"href":"https:\/\/sklep2.epruf.pl\/index.php?rest_route=\/wp\/v2\/product\/600\/revisions\/1349"}],"wp:featuredmedia":[{"embeddable":true,"href":"https:\/\/sklep2.epruf.pl\/index.php?rest_route=\/wp\/v2\/media\/981"}],"wp:attachment":[{"href":"https:\/\/sklep2.epruf.pl\/index.php?rest_route=%2Fwp%2Fv2%2Fmedia&parent=600"}],"wp:term":[{"taxonomy":"product_brand","embeddable":true,"href":"https:\/\/sklep2.epruf.pl\/index.php?rest_route=%2Fwp%2Fv2%2Fproduct_brand&post=600"},{"taxonomy":"product_cat","embeddable":true,"href":"https:\/\/sklep2.epruf.pl\/index.php?rest_route=%2Fwp%2Fv2%2Fproduct_cat&post=600"},{"taxonomy":"product_tag","embeddable":true,"href":"https:\/\/sklep2.epruf.pl\/index.php?rest_route=%2Fwp%2Fv2%2Fproduct_tag&post=600"}],"curies":[{"name":"wp","href":"https:\/\/api.w.org\/{rel}","templated":true}]}}