{"id":598,"date":"2023-06-27T15:43:23","date_gmt":"2023-06-27T15:43:23","guid":{"rendered":"http:\/\/pharealab.site\/?post_type=product&#038;p=598"},"modified":"2023-07-28T07:09:28","modified_gmt":"2023-07-28T06:09:28","slug":"podarunkowa-karta-zdrowia","status":"publish","type":"product","link":"https:\/\/sklep2.epruf.pl\/?product=podarunkowa-karta-zdrowia","title":{"rendered":"Podarunkowa Karta Zdrowia"},"content":{"rendered":"<div class=\"txtLong\">\n<p style=\"text-align: center;\">Podarunkowa Karta Zdrowia to \u0142atwy i przyjazny w u\u017cyciu elektroniczny bon akceptowany w ponad 5000 punkt\u00f3w handlowo \u2013 us\u0142ugowych zwi\u0105zanych ze zdrowiem, dobrym samopoczuciem oraz dbaniem o siebie, tj. plac\u00f3wki medyczne, apteki, drogerie, o\u015brodki SPA, gabinety stomatologiczne, salony optyczne, plac\u00f3wki diagnostyczne czy centra rehabilitacji i sportu.<\/p>\n<p style=\"text-align: center;\">\n<\/div>\n<div class=\"regInfo printInvisible\" style=\"text-align: center;\">Przed wys\u0142aniem formularza zapoznaj si\u0119 uwa\u017cnie z\u00a0<a title=\"regulaminem\" href=\"https:\/\/sklep.epruf.pl\/Sklep_ePRUF_REGULAMIN_z_ZALACZNIKAMI_2015%20.pdf\" target=\"_blank\" rel=\"noopener\">regulaminem<\/a>\u00a0podarunkowych kart ePRUF.<\/div>\n","protected":false},"excerpt":{"rendered":"<p>Podarunkowa Karta Zdrowia to \u0142atwy i przyjazny w u\u017cyciu elektroniczny bon akceptowany w ponad 5000 punkt\u00f3w handlowo \u2013 us\u0142ugowych zwi\u0105zanych ze zdrowiem, dobrym samopoczuciem oraz dbaniem o siebie, tj. plac\u00f3wki medyczne, apteki, drogerie, o\u015brodki SPA, gabinety stomatologiczne, salony optyczne, plac\u00f3wki diagnostyczne czy centra rehabilitacji i sportu. Przed wys\u0142aniem formularza zapoznaj si\u0119 uwa\u017cnie z\u00a0regulaminem\u00a0podarunkowych kart ePRUF.<\/p>\n","protected":false},"featured_media":995,"comment_status":"open","ping_status":"closed","template":"","meta":[],"product_brand":[],"product_cat":[27],"product_tag":[],"class_list":{"0":"post-598","1":"product","2":"type-product","3":"status-publish","4":"has-post-thumbnail","6":"product_cat-boncard","8":"first","9":"outofstock","10":"shipping-taxable","11":"purchasable","12":"product-type-simple"},"jetpack_sharing_enabled":true,"_links":{"self":[{"href":"https:\/\/sklep2.epruf.pl\/index.php?rest_route=\/wp\/v2\/product\/598","targetHints":{"allow":["GET"]}}],"collection":[{"href":"https:\/\/sklep2.epruf.pl\/index.php?rest_route=\/wp\/v2\/product"}],"about":[{"href":"https:\/\/sklep2.epruf.pl\/index.php?rest_route=\/wp\/v2\/types\/product"}],"replies":[{"embeddable":true,"href":"https:\/\/sklep2.epruf.pl\/index.php?rest_route=%2Fwp%2Fv2%2Fcomments&post=598"}],"version-history":[{"count":2,"href":"https:\/\/sklep2.epruf.pl\/index.php?rest_route=\/wp\/v2\/product\/598\/revisions"}],"predecessor-version":[{"id":1353,"href":"https:\/\/sklep2.epruf.pl\/index.php?rest_route=\/wp\/v2\/product\/598\/revisions\/1353"}],"wp:featuredmedia":[{"embeddable":true,"href":"https:\/\/sklep2.epruf.pl\/index.php?rest_route=\/wp\/v2\/media\/995"}],"wp:attachment":[{"href":"https:\/\/sklep2.epruf.pl\/index.php?rest_route=%2Fwp%2Fv2%2Fmedia&parent=598"}],"wp:term":[{"taxonomy":"product_brand","embeddable":true,"href":"https:\/\/sklep2.epruf.pl\/index.php?rest_route=%2Fwp%2Fv2%2Fproduct_brand&post=598"},{"taxonomy":"product_cat","embeddable":true,"href":"https:\/\/sklep2.epruf.pl\/index.php?rest_route=%2Fwp%2Fv2%2Fproduct_cat&post=598"},{"taxonomy":"product_tag","embeddable":true,"href":"https:\/\/sklep2.epruf.pl\/index.php?rest_route=%2Fwp%2Fv2%2Fproduct_tag&post=598"}],"curies":[{"name":"wp","href":"https:\/\/api.w.org\/{rel}","templated":true}]}}