{"id":596,"date":"2023-06-27T13:47:47","date_gmt":"2023-06-27T13:47:47","guid":{"rendered":"http:\/\/pharealab.site\/?post_type=product&#038;p=596"},"modified":"2023-07-28T07:08:56","modified_gmt":"2023-07-28T06:08:56","slug":"karta-podaruj-zdrowie-bez-nominalu","status":"publish","type":"product","link":"https:\/\/sklep2.epruf.pl\/?product=karta-podaruj-zdrowie-bez-nominalu","title":{"rendered":"Karta Podaruj Zdrowie bez nomina\u0142u"},"content":{"rendered":"<div class=\"txtLong\">\n<p style=\"text-align: center;\"><span style=\"vertical-align: inherit;\"><span style=\"vertical-align: inherit;\">Karta wydawana benefijentom Fundacji Dbam o Zdrowie w ramach pomocy udzielanej. <\/span><span style=\"vertical-align: inherit;\">Umo\u017cliwia zakup lek\u00f3w oraz wybranych produkt\u00f3w medycznych z wy\u0142\u0105czeniem kosmetyk\u00f3w.<\/span><\/span><\/p>\n<p style=\"text-align: center;\">\n<\/div>\n<div class=\"regInfo printInvisible\" style=\"text-align: center;\"><span style=\"vertical-align: inherit;\"><span style=\"vertical-align: inherit;\">Przed wys\u0142aniem formularza zapoznaj si\u0119 dok\u0142adnie\u00a0 <\/span><\/span><a title=\"przepisy prawne\" href=\"https:\/\/sklep.epruf.pl\/Sklep_ePRUF_REGULAMIN_z_ZALACZNIKAMI_2015%20.pdf\" target=\"_blank\" rel=\"noopener\"><span style=\"vertical-align: inherit;\"><span style=\"vertical-align: inherit;\">z regulaminem<\/span><\/span><\/a><span style=\"vertical-align: inherit;\"><span style=\"vertical-align: inherit;\"> kart podarunkowych ePRUF \u00a0.<\/span><\/span><\/div>\n","protected":false},"excerpt":{"rendered":"<p>Karta wydawana benefijentom Fundacji Dbam o Zdrowie w ramach pomocy udzielanej. Umo\u017cliwia zakup lek\u00f3w oraz wybranych produkt\u00f3w medycznych z wy\u0142\u0105czeniem kosmetyk\u00f3w. Przed wys\u0142aniem formularza zapoznaj si\u0119 dok\u0142adnie\u00a0 z regulaminem kart podarunkowych ePRUF \u00a0.<\/p>\n","protected":false},"featured_media":993,"comment_status":"open","ping_status":"closed","template":"","meta":[],"product_brand":[],"product_cat":[26],"product_tag":[],"class_list":{"0":"post-596","1":"product","2":"type-product","3":"status-publish","4":"has-post-thumbnail","6":"product_cat-doz","8":"first","9":"instock","10":"purchasable","11":"product-type-simple"},"jetpack_sharing_enabled":true,"_links":{"self":[{"href":"https:\/\/sklep2.epruf.pl\/index.php?rest_route=\/wp\/v2\/product\/596","targetHints":{"allow":["GET"]}}],"collection":[{"href":"https:\/\/sklep2.epruf.pl\/index.php?rest_route=\/wp\/v2\/product"}],"about":[{"href":"https:\/\/sklep2.epruf.pl\/index.php?rest_route=\/wp\/v2\/types\/product"}],"replies":[{"embeddable":true,"href":"https:\/\/sklep2.epruf.pl\/index.php?rest_route=%2Fwp%2Fv2%2Fcomments&post=596"}],"version-history":[{"count":3,"href":"https:\/\/sklep2.epruf.pl\/index.php?rest_route=\/wp\/v2\/product\/596\/revisions"}],"predecessor-version":[{"id":1352,"href":"https:\/\/sklep2.epruf.pl\/index.php?rest_route=\/wp\/v2\/product\/596\/revisions\/1352"}],"wp:featuredmedia":[{"embeddable":true,"href":"https:\/\/sklep2.epruf.pl\/index.php?rest_route=\/wp\/v2\/media\/993"}],"wp:attachment":[{"href":"https:\/\/sklep2.epruf.pl\/index.php?rest_route=%2Fwp%2Fv2%2Fmedia&parent=596"}],"wp:term":[{"taxonomy":"product_brand","embeddable":true,"href":"https:\/\/sklep2.epruf.pl\/index.php?rest_route=%2Fwp%2Fv2%2Fproduct_brand&post=596"},{"taxonomy":"product_cat","embeddable":true,"href":"https:\/\/sklep2.epruf.pl\/index.php?rest_route=%2Fwp%2Fv2%2Fproduct_cat&post=596"},{"taxonomy":"product_tag","embeddable":true,"href":"https:\/\/sklep2.epruf.pl\/index.php?rest_route=%2Fwp%2Fv2%2Fproduct_tag&post=596"}],"curies":[{"name":"wp","href":"https:\/\/api.w.org\/{rel}","templated":true}]}}