{"id":593,"date":"2023-06-27T13:42:39","date_gmt":"2023-06-27T13:42:39","guid":{"rendered":"http:\/\/pharealab.site\/?post_type=product&#038;p=593"},"modified":"2023-07-28T07:07:05","modified_gmt":"2023-07-28T06:07:05","slug":"karta-podaruj-zdrowie-500-zl","status":"publish","type":"product","link":"https:\/\/sklep2.epruf.pl\/?product=karta-podaruj-zdrowie-500-zl","title":{"rendered":"Karta Podaruj Zdrowie 500 z\u0142"},"content":{"rendered":"<div class=\"txtLong\">\n<p style=\"text-align: center;\">Karta wydawana beneficjentom Fundacji Dbam o Zdrowie w ramach udzielonej pomocy. Pozwala na zakup lek\u00f3w i wybrane produkty medyczne z wy\u0142\u0105czeniem kosmetyk\u00f3w.<\/p>\n<p style=\"text-align: center;\">\n<\/div>\n<div class=\"regInfo printInvisible\" style=\"text-align: center;\">Przed wys\u0142aniem formularza zapoznaj si\u0119 uwa\u017cnie z\u00a0<a title=\"regulaminem\" href=\"https:\/\/sklep.epruf.pl\/Sklep_ePRUF_REGULAMIN_z_ZALACZNIKAMI_2015%20.pdf\" target=\"_blank\" rel=\"noopener\">regulaminem<\/a>\u00a0podarunkowych kart ePRUF.<\/div>\n<form id=\"add_to_cart\" action=\"https:\/\/sklep.epruf.pl\/karta\/?id=85#\" method=\"post\">\n<div style=\"text-align: center;\">\n<div class=\"cardNominal\"><span class=\"productValue\">Nomina\u0142:\u00a0<b>500 z\u0142<\/b><\/span><\/div>\n<\/div>\n<div style=\"text-align: center;\">Wydanie kart: 0,00\u00a0z\u0142 (0,00\u00a0z\u0142 + 23% VAT)<\/div>\n<\/form>\n","protected":false},"excerpt":{"rendered":"<p>Karta wydawana beneficjentom Fundacji Dbam o Zdrowie w ramach udzielonej pomocy. Pozwala na zakup lek\u00f3w i wybrane produkty medyczne z wy\u0142\u0105czeniem kosmetyk\u00f3w. Przed wys\u0142aniem formularza zapoznaj si\u0119 uwa\u017cnie z\u00a0regulaminem\u00a0podarunkowych kart ePRUF. Nomina\u0142:\u00a0500 z\u0142 Wydanie kart: 0,00\u00a0z\u0142 (0,00\u00a0z\u0142 + 23% VAT)<\/p>\n","protected":false},"featured_media":985,"comment_status":"open","ping_status":"closed","template":"","meta":[],"product_brand":[],"product_cat":[26],"product_tag":[],"class_list":{"0":"post-593","1":"product","2":"type-product","3":"status-publish","4":"has-post-thumbnail","6":"product_cat-doz","8":"first","9":"outofstock","10":"purchasable","11":"product-type-simple"},"jetpack_sharing_enabled":true,"_links":{"self":[{"href":"https:\/\/sklep2.epruf.pl\/index.php?rest_route=\/wp\/v2\/product\/593","targetHints":{"allow":["GET"]}}],"collection":[{"href":"https:\/\/sklep2.epruf.pl\/index.php?rest_route=\/wp\/v2\/product"}],"about":[{"href":"https:\/\/sklep2.epruf.pl\/index.php?rest_route=\/wp\/v2\/types\/product"}],"replies":[{"embeddable":true,"href":"https:\/\/sklep2.epruf.pl\/index.php?rest_route=%2Fwp%2Fv2%2Fcomments&post=593"}],"version-history":[{"count":3,"href":"https:\/\/sklep2.epruf.pl\/index.php?rest_route=\/wp\/v2\/product\/593\/revisions"}],"predecessor-version":[{"id":1348,"href":"https:\/\/sklep2.epruf.pl\/index.php?rest_route=\/wp\/v2\/product\/593\/revisions\/1348"}],"wp:featuredmedia":[{"embeddable":true,"href":"https:\/\/sklep2.epruf.pl\/index.php?rest_route=\/wp\/v2\/media\/985"}],"wp:attachment":[{"href":"https:\/\/sklep2.epruf.pl\/index.php?rest_route=%2Fwp%2Fv2%2Fmedia&parent=593"}],"wp:term":[{"taxonomy":"product_brand","embeddable":true,"href":"https:\/\/sklep2.epruf.pl\/index.php?rest_route=%2Fwp%2Fv2%2Fproduct_brand&post=593"},{"taxonomy":"product_cat","embeddable":true,"href":"https:\/\/sklep2.epruf.pl\/index.php?rest_route=%2Fwp%2Fv2%2Fproduct_cat&post=593"},{"taxonomy":"product_tag","embeddable":true,"href":"https:\/\/sklep2.epruf.pl\/index.php?rest_route=%2Fwp%2Fv2%2Fproduct_tag&post=593"}],"curies":[{"name":"wp","href":"https:\/\/api.w.org\/{rel}","templated":true}]}}