{"id":352,"date":"2020-12-02T10:45:40","date_gmt":"2020-12-02T10:45:40","guid":{"rendered":"https:\/\/envothemes.com\/envo-marketplace\/?page_id=352"},"modified":"2023-12-11T14:51:57","modified_gmt":"2023-12-11T13:51:57","slug":"home-free-2","status":"publish","type":"page","link":"https:\/\/sklep2.epruf.pl\/","title":{"rendered":"Sklep.epruf.pl"},"content":{"rendered":"\t\t<div data-elementor-type=\"wp-page\" data-elementor-id=\"352\" class=\"elementor elementor-352\">\n\t\t\t\t\t\t<section class=\"elementor-section elementor-top-section elementor-element elementor-element-48cc6f21 elementor-section-boxed elementor-section-height-default elementor-section-height-default wpr-particle-no wpr-jarallax-no wpr-parallax-no wpr-sticky-section-no wpr-equal-height-no\" data-id=\"48cc6f21\" data-element_type=\"section\" data-e-type=\"section\">\n\t\t\t\t\t\t<div class=\"elementor-container elementor-column-gap-no\">\n\t\t\t\t\t<div class=\"elementor-column elementor-col-100 elementor-top-column elementor-element elementor-element-7bfc1d68\" data-id=\"7bfc1d68\" data-element_type=\"column\" data-e-type=\"column\" data-settings=\"{&quot;background_background&quot;:&quot;classic&quot;}\">\n\t\t\t<div class=\"elementor-widget-wrap elementor-element-populated\">\n\t\t\t\t\t\t<section class=\"elementor-section elementor-inner-section elementor-element elementor-element-ff65c9a elementor-section-full_width elementor-section-height-default elementor-section-height-default wpr-particle-no wpr-jarallax-no wpr-parallax-no wpr-sticky-section-no wpr-equal-height-no\" data-id=\"ff65c9a\" data-element_type=\"section\" data-e-type=\"section\">\n\t\t\t\t\t\t<div class=\"elementor-container elementor-column-gap-default\">\n\t\t\t\t\t<div class=\"elementor-column elementor-col-50 elementor-inner-column elementor-element elementor-element-c6e48b1\" data-id=\"c6e48b1\" data-element_type=\"column\" data-e-type=\"column\" data-settings=\"{&quot;background_background&quot;:&quot;classic&quot;}\">\n\t\t\t<div class=\"elementor-widget-wrap elementor-element-populated\">\n\t\t\t\t\t\t<div class=\"elementor-element elementor-element-e9f8975 animated-slow elementor-invisible elementor-widget elementor-widget-heading\" data-id=\"e9f8975\" data-element_type=\"widget\" data-e-type=\"widget\" data-settings=\"{&quot;_animation&quot;:&quot;fadeIn&quot;}\" data-widget_type=\"heading.default\">\n\t\t\t\t<div class=\"elementor-widget-container\">\n\t\t\t\t\t<h2 class=\"elementor-heading-title elementor-size-default\">Podaruj kart\u0119<\/h2>\t\t\t\t<\/div>\n\t\t\t\t<\/div>\n\t\t\t\t<div class=\"elementor-element elementor-element-7548813 animated-slow elementor-invisible elementor-widget elementor-widget-heading\" data-id=\"7548813\" data-element_type=\"widget\" data-e-type=\"widget\" data-settings=\"{&quot;_animation&quot;:&quot;fadeIn&quot;}\" data-widget_type=\"heading.default\">\n\t\t\t\t<div class=\"elementor-widget-container\">\n\t\t\t\t\t<h2 class=\"elementor-heading-title elementor-size-default\"> zadbaj o zdrowie najbli\u017cszych<\/h2>\t\t\t\t<\/div>\n\t\t\t\t<\/div>\n\t\t\t\t<div class=\"elementor-element elementor-element-60ed0a4 animated-slow elementor-invisible elementor-widget elementor-widget-text-editor\" data-id=\"60ed0a4\" data-element_type=\"widget\" data-e-type=\"widget\" data-settings=\"{&quot;_animation&quot;:&quot;fadeInUp&quot;}\" data-widget_type=\"text-editor.default\">\n\t\t\t\t<div class=\"elementor-widget-container\">\n\t\t\t\t\t\t\t\t\t<p>Karta podarunkowa to wyj\u0105tkowy prezent dla Twoich najbli\u017cszych. Wyra\u017ca trosk\u0119 o to, co dla nas wszystkich najcenniejsze &#8211; trosk\u0119 o zdrowie.<\/p><p>Nasze karty upowa\u017cniaj\u0105 do zakupu dowolnych produkt\u00f3w dost\u0119pnych w aptece. Zapraszamy ! Kup kart\u0119. Podaruj Zdrowie!<\/p>\t\t\t\t\t\t\t\t<\/div>\n\t\t\t\t<\/div>\n\t\t\t\t\t<\/div>\n\t\t<\/div>\n\t\t\t\t<div class=\"elementor-column elementor-col-50 elementor-inner-column elementor-element elementor-element-d4c7391\" data-id=\"d4c7391\" data-element_type=\"column\" data-e-type=\"column\">\n\t\t\t<div class=\"elementor-widget-wrap\">\n\t\t\t\t\t\t\t<\/div>\n\t\t<\/div>\n\t\t\t\t\t<\/div>\n\t\t<\/section>\n\t\t\t\t\t<\/div>\n\t\t<\/div>\n\t\t\t\t\t<\/div>\n\t\t<\/section>\n\t\t\t\t<section class=\"elementor-section elementor-top-section elementor-element elementor-element-3c75c35 elementor-section-boxed elementor-section-height-default elementor-section-height-default wpr-particle-no wpr-jarallax-no wpr-parallax-no wpr-sticky-section-no wpr-equal-height-no\" data-id=\"3c75c35\" data-element_type=\"section\" data-e-type=\"section\">\n\t\t\t\t\t\t<div class=\"elementor-container elementor-column-gap-default\">\n\t\t\t\t\t<div class=\"elementor-column elementor-col-100 elementor-top-column elementor-element elementor-element-f72a474\" data-id=\"f72a474\" data-element_type=\"column\" data-e-type=\"column\">\n\t\t\t<div class=\"elementor-widget-wrap elementor-element-populated\">\n\t\t\t\t\t\t<div class=\"elementor-element elementor-element-0fa593a animated-slow elementor-invisible elementor-widget elementor-widget-heading\" data-id=\"0fa593a\" data-element_type=\"widget\" data-e-type=\"widget\" data-settings=\"{&quot;_animation&quot;:&quot;fadeInLeft&quot;}\" data-widget_type=\"heading.default\">\n\t\t\t\t<div class=\"elementor-widget-container\">\n\t\t\t\t\t<h2 class=\"elementor-heading-title elementor-size-xl\">Karty podarunkowe<\/h2>\t\t\t\t<\/div>\n\t\t\t\t<\/div>\n\t\t\t\t\t<\/div>\n\t\t<\/div>\n\t\t\t\t\t<\/div>\n\t\t<\/section>\n\t\t\t\t<section class=\"elementor-section elementor-top-section elementor-element elementor-element-21597f8 elementor-section-boxed elementor-section-height-default elementor-section-height-default wpr-particle-no wpr-jarallax-no wpr-parallax-no wpr-sticky-section-no wpr-equal-height-no\" data-id=\"21597f8\" data-element_type=\"section\" data-e-type=\"section\">\n\t\t\t\t\t\t<div class=\"elementor-container elementor-column-gap-default\">\n\t\t\t\t\t<div class=\"elementor-column elementor-col-100 elementor-top-column elementor-element elementor-element-d41c2cb\" data-id=\"d41c2cb\" data-element_type=\"column\" data-e-type=\"column\">\n\t\t\t<div class=\"elementor-widget-wrap elementor-element-populated\">\n\t\t\t\t\t\t<div class=\"elementor-element elementor-element-5d92764 animated-slow elementor-invisible elementor-widget elementor-widget-heading\" data-id=\"5d92764\" data-element_type=\"widget\" data-e-type=\"widget\" data-settings=\"{&quot;_animation&quot;:&quot;fadeInLeft&quot;}\" data-widget_type=\"heading.default\">\n\t\t\t\t<div class=\"elementor-widget-container\">\n\t\t\t\t\t<h2 class=\"elementor-heading-title elementor-size-medium\">Dokonaj wyboru karty podarunkowej, by zadba\u0107 o zdrowie i dobrostan swoich najbli\u017cszych.<\/h2>\t\t\t\t<\/div>\n\t\t\t\t<\/div>\n\t\t\t\t\t<\/div>\n\t\t<\/div>\n\t\t\t\t\t<\/div>\n\t\t<\/section>\n\t\t\t\t<section class=\"elementor-section elementor-top-section elementor-element elementor-element-18f6909 elementor-section-boxed elementor-section-height-default elementor-section-height-default wpr-particle-no wpr-jarallax-no wpr-parallax-no wpr-sticky-section-no wpr-equal-height-no\" data-id=\"18f6909\" data-element_type=\"section\" data-e-type=\"section\">\n\t\t\t\t\t\t<div class=\"elementor-container elementor-column-gap-default\">\n\t\t\t\t\t<div class=\"elementor-column elementor-col-100 elementor-top-column elementor-element elementor-element-89bf8fd\" data-id=\"89bf8fd\" data-element_type=\"column\" data-e-type=\"column\">\n\t\t\t<div class=\"elementor-widget-wrap elementor-element-populated\">\n\t\t\t\t\t\t<div class=\"elementor-element elementor-element-c6fe71e animated-slow elementor-invisible elementor-widget elementor-widget-etww-woo-products\" data-id=\"c6fe71e\" data-element_type=\"widget\" data-e-type=\"widget\" data-settings=\"{&quot;_animation&quot;:&quot;fadeInLeft&quot;,&quot;_animation_delay&quot;:&quot;600&quot;}\" data-widget_type=\"etww-woo-products.default\">\n\t\t\t\t<div class=\"elementor-widget-container\">\n\t\t\t\t\t<div class=\"woocommerce columns-4\"><ul class=\"products columns-4\">\n<li class=\"product type-product post-832 status-publish first outofstock product_cat-aimedo has-post-thumbnail shipping-taxable purchasable product-type-simple\">\n\t<a href=\"https:\/\/sklep2.epruf.pl\/?product=zasilenie-konta-aimedo\" class=\"woocommerce-LoopProduct-link woocommerce-loop-product__link\"><div class=\"archive-img-wrap\"><img decoding=\"async\" width=\"262\" height=\"167\" src=\"https:\/\/sklep2.epruf.pl\/wp-content\/uploads\/2023\/06\/88-karta-262x167-1.jpg\" class=\"attachment-woocommerce_thumbnail size-woocommerce_thumbnail\" alt=\"Zasilenie konta aimedo\" \/><\/div><h2 class=\"woocommerce-loop-product__title\">Zasilenie konta aimedo<\/h2><div class=\"archive-product-categories\"><a href=\"https:\/\/sklep2.epruf.pl\/?product_cat=aimedo\" rel=\"tag\">Aimedo<\/a><\/div>\n<\/a><a href=\"https:\/\/sklep2.epruf.pl\/?product=zasilenie-konta-aimedo\" aria-describedby=\"woocommerce_loop_add_to_cart_link_describedby_832\" data-quantity=\"1\" class=\"button product_type_simple\" data-product_id=\"832\" data-product_sku=\"\" aria-label=\"Przeczytaj wi\u0119cej o &bdquo;Zasilenie konta aimedo&rdquo;\" rel=\"nofollow\" data-success_message=\"\">Dowiedz si\u0119 wi\u0119cej<\/a>\t<span id=\"woocommerce_loop_add_to_cart_link_describedby_832\" class=\"screen-reader-text\">\n\t\t\t<\/span>\n<\/li>\n<li class=\"product type-product post-618 status-publish outofstock product_cat-aimedo has-post-thumbnail shipping-taxable purchasable product-type-simple\">\n\t<a href=\"https:\/\/sklep2.epruf.pl\/?product=aimedo-gift-pdf-0-zl-dla-natury\" class=\"woocommerce-LoopProduct-link woocommerce-loop-product__link\"><div class=\"archive-img-wrap\"><img decoding=\"async\" width=\"262\" height=\"167\" src=\"https:\/\/sklep2.epruf.pl\/wp-content\/uploads\/2023\/06\/86-karta-1-2.jpg\" class=\"attachment-woocommerce_thumbnail size-woocommerce_thumbnail\" alt=\"aimedo.gift PDF 0 z\u0142 dla Natury\" \/><\/div><h2 class=\"woocommerce-loop-product__title\">aimedo.gift PDF 0 z\u0142 dla Natury<\/h2><div class=\"archive-product-categories\"><a href=\"https:\/\/sklep2.epruf.pl\/?product_cat=aimedo\" rel=\"tag\">Aimedo<\/a><\/div>\n<\/a><a href=\"https:\/\/sklep2.epruf.pl\/?product=aimedo-gift-pdf-0-zl-dla-natury\" aria-describedby=\"woocommerce_loop_add_to_cart_link_describedby_618\" data-quantity=\"1\" class=\"button product_type_simple\" data-product_id=\"618\" data-product_sku=\"\" aria-label=\"Przeczytaj wi\u0119cej o &bdquo;aimedo.gift PDF 0 z\u0142 dla Natury&rdquo;\" rel=\"nofollow\" data-success_message=\"\">Dowiedz si\u0119 wi\u0119cej<\/a>\t<span id=\"woocommerce_loop_add_to_cart_link_describedby_618\" class=\"screen-reader-text\">\n\t\t\t<\/span>\n<\/li>\n<li class=\"product type-product post-617 status-publish instock product_cat-aimedo has-post-thumbnail shipping-taxable purchasable product-type-simple\">\n\t<a href=\"https:\/\/sklep2.epruf.pl\/?product=aimedo-gift-pdf\" class=\"woocommerce-LoopProduct-link woocommerce-loop-product__link\"><div class=\"archive-img-wrap\"><img decoding=\"async\" width=\"262\" height=\"167\" src=\"https:\/\/sklep2.epruf.pl\/wp-content\/uploads\/2023\/06\/86-karta-1-2.jpg\" class=\"attachment-woocommerce_thumbnail size-woocommerce_thumbnail\" alt=\"aimedo.gift pdf\" \/><\/div><h2 class=\"woocommerce-loop-product__title\">aimedo.gift pdf<\/h2><div class=\"archive-product-categories\"><a href=\"https:\/\/sklep2.epruf.pl\/?product_cat=aimedo\" rel=\"tag\">Aimedo<\/a><\/div>\n<\/a><a href=\"\/index.php?rest_route=%2Fwp%2Fv2%2Fpages%2F352&#038;add-to-cart=617\" aria-describedby=\"woocommerce_loop_add_to_cart_link_describedby_617\" data-quantity=\"1\" class=\"button product_type_simple add_to_cart_button ajax_add_to_cart\" data-product_id=\"617\" data-product_sku=\"\" aria-label=\"Dodaj do koszyka: &bdquo;aimedo.gift pdf&rdquo;\" rel=\"nofollow\" data-success_message=\"&ldquo;aimedo.gift pdf&rdquo; zosta\u0142 dodany do twojego koszyka\">Dodaj do koszyka<\/a>\t<span id=\"woocommerce_loop_add_to_cart_link_describedby_617\" class=\"screen-reader-text\">\n\t\t\t<\/span>\n<\/li>\n<li class=\"product type-product post-614 status-publish last instock product_cat-aimedo has-post-thumbnail shipping-taxable purchasable product-type-simple\">\n\t<a href=\"https:\/\/sklep2.epruf.pl\/?product=aimedo-gift\" class=\"woocommerce-LoopProduct-link woocommerce-loop-product__link\"><div class=\"archive-img-wrap\"><img loading=\"lazy\" decoding=\"async\" width=\"262\" height=\"167\" src=\"https:\/\/sklep2.epruf.pl\/wp-content\/uploads\/2023\/06\/86-karta-1-2.jpg\" class=\"attachment-woocommerce_thumbnail size-woocommerce_thumbnail\" alt=\"aimedo.gift\" \/><\/div><h2 class=\"woocommerce-loop-product__title\">aimedo.gift<\/h2><div class=\"archive-product-categories\"><a href=\"https:\/\/sklep2.epruf.pl\/?product_cat=aimedo\" rel=\"tag\">Aimedo<\/a><\/div>\n<\/a><a href=\"\/index.php?rest_route=%2Fwp%2Fv2%2Fpages%2F352&#038;add-to-cart=614\" aria-describedby=\"woocommerce_loop_add_to_cart_link_describedby_614\" data-quantity=\"1\" class=\"button product_type_simple add_to_cart_button ajax_add_to_cart\" data-product_id=\"614\" data-product_sku=\"\" aria-label=\"Dodaj do koszyka: &bdquo;aimedo.gift&rdquo;\" rel=\"nofollow\" data-success_message=\"&ldquo;aimedo.gift&rdquo; zosta\u0142 dodany do twojego koszyka\">Dodaj do koszyka<\/a>\t<span id=\"woocommerce_loop_add_to_cart_link_describedby_614\" class=\"screen-reader-text\">\n\t\t\t<\/span>\n<\/li>\n<li class=\"product type-product post-612 status-publish first instock product_cat-doz has-post-thumbnail purchasable product-type-simple\">\n\t<a href=\"https:\/\/sklep2.epruf.pl\/?product=karta-razem-mozemy-wiecej-1000zl\" class=\"woocommerce-LoopProduct-link woocommerce-loop-product__link\"><div class=\"archive-img-wrap\"><img loading=\"lazy\" decoding=\"async\" width=\"280\" height=\"175\" src=\"https:\/\/sklep2.epruf.pl\/wp-content\/uploads\/2023\/06\/84-karta-1.jpg\" class=\"attachment-woocommerce_thumbnail size-woocommerce_thumbnail\" alt=\"Karta Razem Mo\u017cemy Wi\u0119cej 1000z\u0142\" \/><\/div><h2 class=\"woocommerce-loop-product__title\">Karta Razem Mo\u017cemy Wi\u0119cej 1000z\u0142<\/h2><div class=\"archive-product-categories\"><a href=\"https:\/\/sklep2.epruf.pl\/?product_cat=doz\" rel=\"tag\">DOZ Fundacja<\/a><\/div>\n\t<span class=\"price\"><span class=\"woocommerce-Price-amount amount\"><bdi>1000,00&nbsp;<span class=\"woocommerce-Price-currencySymbol\">&#122;&#322;<\/span><\/bdi><\/span><\/span>\n<\/a><a href=\"\/index.php?rest_route=%2Fwp%2Fv2%2Fpages%2F352&#038;add-to-cart=612\" aria-describedby=\"woocommerce_loop_add_to_cart_link_describedby_612\" data-quantity=\"1\" class=\"button product_type_simple add_to_cart_button ajax_add_to_cart\" data-product_id=\"612\" data-product_sku=\"\" aria-label=\"Dodaj do koszyka: &bdquo;Karta Razem Mo\u017cemy Wi\u0119cej 1000z\u0142&rdquo;\" rel=\"nofollow\" data-success_message=\"&ldquo;Karta Razem Mo\u017cemy Wi\u0119cej 1000z\u0142&rdquo; zosta\u0142 dodany do twojego koszyka\">Dodaj do koszyka<\/a>\t<span id=\"woocommerce_loop_add_to_cart_link_describedby_612\" class=\"screen-reader-text\">\n\t\t\t<\/span>\n<\/li>\n<li class=\"product type-product post-610 status-publish instock product_cat-doz has-post-thumbnail shipping-taxable purchasable product-type-simple\">\n\t<a href=\"https:\/\/sklep2.epruf.pl\/?product=karta-razem-mozemy-wiecej-500zl\" class=\"woocommerce-LoopProduct-link woocommerce-loop-product__link\"><div class=\"archive-img-wrap\"><img loading=\"lazy\" decoding=\"async\" width=\"280\" height=\"175\" src=\"https:\/\/sklep2.epruf.pl\/wp-content\/uploads\/2023\/06\/83-karta-1.jpg\" class=\"attachment-woocommerce_thumbnail size-woocommerce_thumbnail\" alt=\"Karta Razem Mo\u017cemy Wi\u0119cej 500z\u0142\" \/><\/div><h2 class=\"woocommerce-loop-product__title\">Karta Razem Mo\u017cemy Wi\u0119cej 500z\u0142<\/h2><div class=\"archive-product-categories\"><a href=\"https:\/\/sklep2.epruf.pl\/?product_cat=doz\" rel=\"tag\">DOZ Fundacja<\/a><\/div>\n\t<span class=\"price\"><span class=\"woocommerce-Price-amount amount\"><bdi>500,00&nbsp;<span class=\"woocommerce-Price-currencySymbol\">&#122;&#322;<\/span><\/bdi><\/span><\/span>\n<\/a><a href=\"\/index.php?rest_route=%2Fwp%2Fv2%2Fpages%2F352&#038;add-to-cart=610\" aria-describedby=\"woocommerce_loop_add_to_cart_link_describedby_610\" data-quantity=\"1\" class=\"button product_type_simple add_to_cart_button ajax_add_to_cart\" data-product_id=\"610\" data-product_sku=\"\" aria-label=\"Dodaj do koszyka: &bdquo;Karta Razem Mo\u017cemy Wi\u0119cej 500z\u0142&rdquo;\" rel=\"nofollow\" data-success_message=\"&ldquo;Karta Razem Mo\u017cemy Wi\u0119cej 500z\u0142&rdquo; zosta\u0142 dodany do twojego koszyka\">Dodaj do koszyka<\/a>\t<span id=\"woocommerce_loop_add_to_cart_link_describedby_610\" class=\"screen-reader-text\">\n\t\t\t<\/span>\n<\/li>\n<li class=\"product type-product post-608 status-publish instock product_cat-doz has-post-thumbnail purchasable product-type-simple\">\n\t<a href=\"https:\/\/sklep2.epruf.pl\/?product=karta-razem-mozemy-wiecej-200zl\" class=\"woocommerce-LoopProduct-link woocommerce-loop-product__link\"><div class=\"archive-img-wrap\"><img loading=\"lazy\" decoding=\"async\" width=\"280\" height=\"175\" src=\"https:\/\/sklep2.epruf.pl\/wp-content\/uploads\/2023\/06\/82-karta-1.jpg\" class=\"attachment-woocommerce_thumbnail size-woocommerce_thumbnail\" alt=\"Karta Razem Mo\u017cemy Wi\u0119cej 200z\u0142\" \/><\/div><h2 class=\"woocommerce-loop-product__title\">Karta Razem Mo\u017cemy Wi\u0119cej 200z\u0142<\/h2><div class=\"archive-product-categories\"><a href=\"https:\/\/sklep2.epruf.pl\/?product_cat=doz\" rel=\"tag\">DOZ Fundacja<\/a><\/div>\n\t<span class=\"price\"><span class=\"woocommerce-Price-amount amount\"><bdi>200,00&nbsp;<span class=\"woocommerce-Price-currencySymbol\">&#122;&#322;<\/span><\/bdi><\/span><\/span>\n<\/a><a href=\"\/index.php?rest_route=%2Fwp%2Fv2%2Fpages%2F352&#038;add-to-cart=608\" aria-describedby=\"woocommerce_loop_add_to_cart_link_describedby_608\" data-quantity=\"1\" class=\"button product_type_simple add_to_cart_button ajax_add_to_cart\" data-product_id=\"608\" data-product_sku=\"\" aria-label=\"Dodaj do koszyka: &bdquo;Karta Razem Mo\u017cemy Wi\u0119cej 200z\u0142&rdquo;\" rel=\"nofollow\" data-success_message=\"&ldquo;Karta Razem Mo\u017cemy Wi\u0119cej 200z\u0142&rdquo; zosta\u0142 dodany do twojego koszyka\">Dodaj do koszyka<\/a>\t<span id=\"woocommerce_loop_add_to_cart_link_describedby_608\" class=\"screen-reader-text\">\n\t\t\t<\/span>\n<\/li>\n<li class=\"product type-product post-606 status-publish last instock product_cat-doz has-post-thumbnail purchasable product-type-simple\">\n\t<a href=\"https:\/\/sklep2.epruf.pl\/?product=karta-razem-mozemy-wiecej-100zl\" class=\"woocommerce-LoopProduct-link woocommerce-loop-product__link\"><div class=\"archive-img-wrap\"><img loading=\"lazy\" decoding=\"async\" width=\"280\" height=\"175\" src=\"https:\/\/sklep2.epruf.pl\/wp-content\/uploads\/2023\/06\/81-karta-1.jpg\" class=\"attachment-woocommerce_thumbnail size-woocommerce_thumbnail\" alt=\"Karta Razem Mo\u017cemy Wi\u0119cej 100z\u0142\" \/><\/div><h2 class=\"woocommerce-loop-product__title\">Karta Razem Mo\u017cemy Wi\u0119cej 100z\u0142<\/h2><div class=\"archive-product-categories\"><a href=\"https:\/\/sklep2.epruf.pl\/?product_cat=doz\" rel=\"tag\">DOZ Fundacja<\/a><\/div>\n\t<span class=\"price\"><span class=\"woocommerce-Price-amount amount\"><bdi>100,00&nbsp;<span class=\"woocommerce-Price-currencySymbol\">&#122;&#322;<\/span><\/bdi><\/span><\/span>\n<\/a><a href=\"\/index.php?rest_route=%2Fwp%2Fv2%2Fpages%2F352&#038;add-to-cart=606\" aria-describedby=\"woocommerce_loop_add_to_cart_link_describedby_606\" data-quantity=\"1\" class=\"button product_type_simple add_to_cart_button ajax_add_to_cart\" data-product_id=\"606\" data-product_sku=\"\" aria-label=\"Dodaj do koszyka: &bdquo;Karta Razem Mo\u017cemy Wi\u0119cej 100z\u0142&rdquo;\" rel=\"nofollow\" data-success_message=\"&ldquo;Karta Razem Mo\u017cemy Wi\u0119cej 100z\u0142&rdquo; zosta\u0142 dodany do twojego koszyka\">Dodaj do koszyka<\/a>\t<span id=\"woocommerce_loop_add_to_cart_link_describedby_606\" class=\"screen-reader-text\">\n\t\t\t<\/span>\n<\/li>\n<\/ul>\n<div class=\"etww-pagination clr\"><ul class='page-numbers'>\n\t<li><span aria-label=\"Strona 1\" aria-current=\"page\" class=\"page-numbers current\">1<\/span><\/li>\n\t<li><a aria-label=\"Strona 2\" class=\"page-numbers\" href=\"https:\/\/sklep2.epruf.pl\/index.php?rest_route=%2Fwp%2Fv2%2Fpages%2F352&#038;paged=2\">2<\/a><\/li>\n\t<li><a class=\"next page-numbers\" href=\"https:\/\/sklep2.epruf.pl\/index.php?rest_route=%2Fwp%2Fv2%2Fpages%2F352&#038;paged=2\"><i class=\"fas fa-angle-right\"><\/i><\/a><\/li>\n<\/ul>\n<\/div><\/div>\t\t\t\t<\/div>\n\t\t\t\t<\/div>\n\t\t\t\t\t<\/div>\n\t\t<\/div>\n\t\t\t\t\t<\/div>\n\t\t<\/section>\n\t\t\t\t<\/div>\n\t\t","protected":false},"excerpt":{"rendered":"<p>Podaruj kart\u0119 zadbaj o zdrowie najbli\u017cszych Karta podarunkowa to wyj\u0105tkowy prezent dla Twoich najbli\u017cszych. Wyra\u017ca trosk\u0119 o to, co dla nas wszystkich najcenniejsze &#8211; trosk\u0119 o zdrowie. Nasze karty upowa\u017cniaj\u0105 do zakupu dowolnych produkt\u00f3w dost\u0119pnych w aptece. Zapraszamy ! Kup kart\u0119. Podaruj Zdrowie! Karty podarunkowe Dokonaj wyboru karty podarunkowej, by zadba\u0107 o zdrowie i dobrostan swoich najbli\u017cszych.&hellip;<\/p>\n","protected":false},"author":1,"featured_media":0,"parent":0,"menu_order":0,"comment_status":"closed","ping_status":"closed","template":"template-parts\/template-page-builders.php","meta":{"footnotes":""},"class_list":["post-352","page","type-page","status-publish","hentry"],"jetpack_sharing_enabled":true,"_links":{"self":[{"href":"https:\/\/sklep2.epruf.pl\/index.php?rest_route=\/wp\/v2\/pages\/352","targetHints":{"allow":["GET"]}}],"collection":[{"href":"https:\/\/sklep2.epruf.pl\/index.php?rest_route=\/wp\/v2\/pages"}],"about":[{"href":"https:\/\/sklep2.epruf.pl\/index.php?rest_route=\/wp\/v2\/types\/page"}],"author":[{"embeddable":true,"href":"https:\/\/sklep2.epruf.pl\/index.php?rest_route=\/wp\/v2\/users\/1"}],"replies":[{"embeddable":true,"href":"https:\/\/sklep2.epruf.pl\/index.php?rest_route=%2Fwp%2Fv2%2Fcomments&post=352"}],"version-history":[{"count":224,"href":"https:\/\/sklep2.epruf.pl\/index.php?rest_route=\/wp\/v2\/pages\/352\/revisions"}],"predecessor-version":[{"id":2449,"href":"https:\/\/sklep2.epruf.pl\/index.php?rest_route=\/wp\/v2\/pages\/352\/revisions\/2449"}],"wp:attachment":[{"href":"https:\/\/sklep2.epruf.pl\/index.php?rest_route=%2Fwp%2Fv2%2Fmedia&parent=352"}],"curies":[{"name":"wp","href":"https:\/\/api.w.org\/{rel}","templated":true}]}}