{"id":2440,"date":"2023-12-11T15:06:17","date_gmt":"2023-12-11T14:06:17","guid":{"rendered":"http:\/\/sklep2.epruf.pl\/?page_id=2440"},"modified":"2023-12-11T15:21:25","modified_gmt":"2023-12-11T14:21:25","slug":"sklep","status":"publish","type":"page","link":"https:\/\/sklep2.epruf.pl\/?page_id=2440","title":{"rendered":"Sklep"},"content":{"rendered":"\t\t<div data-elementor-type=\"wp-page\" data-elementor-id=\"2440\" class=\"elementor elementor-2440\">\n\t\t\t\t\t\t<section class=\"elementor-section elementor-top-section elementor-element elementor-element-5bb77fa elementor-section-boxed elementor-section-height-default elementor-section-height-default wpr-particle-no wpr-jarallax-no wpr-parallax-no wpr-sticky-section-no wpr-equal-height-no\" data-id=\"5bb77fa\" data-element_type=\"section\" data-e-type=\"section\">\n\t\t\t\t\t\t<div class=\"elementor-container elementor-column-gap-default\">\n\t\t\t\t\t<div class=\"elementor-column elementor-col-100 elementor-top-column elementor-element elementor-element-4554144\" data-id=\"4554144\" data-element_type=\"column\" data-e-type=\"column\">\n\t\t\t<div class=\"elementor-widget-wrap elementor-element-populated\">\n\t\t\t\t\t\t<div class=\"elementor-element elementor-element-17d0cdc animated-slow elementor-invisible elementor-widget elementor-widget-etww-woo-products\" data-id=\"17d0cdc\" data-element_type=\"widget\" data-e-type=\"widget\" data-settings=\"{&quot;_animation&quot;:&quot;fadeInLeft&quot;,&quot;_animation_delay&quot;:&quot;600&quot;}\" data-widget_type=\"etww-woo-products.default\">\n\t\t\t\t<div class=\"elementor-widget-container\">\n\t\t\t\t\t<div class=\"woocommerce columns-3\"><ul class=\"products columns-3\">\n<li class=\"product type-product post-832 status-publish first outofstock product_cat-aimedo has-post-thumbnail shipping-taxable purchasable product-type-simple\">\n\t<a href=\"https:\/\/sklep2.epruf.pl\/?product=zasilenie-konta-aimedo\" class=\"woocommerce-LoopProduct-link woocommerce-loop-product__link\"><div class=\"archive-img-wrap\"><img decoding=\"async\" width=\"262\" height=\"167\" src=\"https:\/\/sklep2.epruf.pl\/wp-content\/uploads\/2023\/06\/88-karta-262x167-1.jpg\" class=\"attachment-woocommerce_thumbnail size-woocommerce_thumbnail\" alt=\"Zasilenie konta aimedo\" \/><\/div><h2 class=\"woocommerce-loop-product__title\">Zasilenie konta aimedo<\/h2><div class=\"archive-product-categories\"><a href=\"https:\/\/sklep2.epruf.pl\/?product_cat=aimedo\" rel=\"tag\">Aimedo<\/a><\/div>\n<\/a><a href=\"https:\/\/sklep2.epruf.pl\/?product=zasilenie-konta-aimedo\" aria-describedby=\"woocommerce_loop_add_to_cart_link_describedby_832\" data-quantity=\"1\" class=\"button product_type_simple\" data-product_id=\"832\" data-product_sku=\"\" aria-label=\"Przeczytaj wi\u0119cej o &bdquo;Zasilenie konta aimedo&rdquo;\" rel=\"nofollow\" data-success_message=\"\">Dowiedz si\u0119 wi\u0119cej<\/a>\t<span id=\"woocommerce_loop_add_to_cart_link_describedby_832\" class=\"screen-reader-text\">\n\t\t\t<\/span>\n<\/li>\n<li class=\"product type-product post-618 status-publish outofstock product_cat-aimedo has-post-thumbnail shipping-taxable purchasable product-type-simple\">\n\t<a href=\"https:\/\/sklep2.epruf.pl\/?product=aimedo-gift-pdf-0-zl-dla-natury\" class=\"woocommerce-LoopProduct-link woocommerce-loop-product__link\"><div class=\"archive-img-wrap\"><img decoding=\"async\" width=\"262\" height=\"167\" src=\"https:\/\/sklep2.epruf.pl\/wp-content\/uploads\/2023\/06\/86-karta-1-2.jpg\" class=\"attachment-woocommerce_thumbnail size-woocommerce_thumbnail\" alt=\"aimedo.gift PDF 0 z\u0142 dla Natury\" \/><\/div><h2 class=\"woocommerce-loop-product__title\">aimedo.gift PDF 0 z\u0142 dla Natury<\/h2><div class=\"archive-product-categories\"><a href=\"https:\/\/sklep2.epruf.pl\/?product_cat=aimedo\" rel=\"tag\">Aimedo<\/a><\/div>\n<\/a><a href=\"https:\/\/sklep2.epruf.pl\/?product=aimedo-gift-pdf-0-zl-dla-natury\" aria-describedby=\"woocommerce_loop_add_to_cart_link_describedby_618\" data-quantity=\"1\" class=\"button product_type_simple\" data-product_id=\"618\" data-product_sku=\"\" aria-label=\"Przeczytaj wi\u0119cej o &bdquo;aimedo.gift PDF 0 z\u0142 dla Natury&rdquo;\" rel=\"nofollow\" data-success_message=\"\">Dowiedz si\u0119 wi\u0119cej<\/a>\t<span id=\"woocommerce_loop_add_to_cart_link_describedby_618\" class=\"screen-reader-text\">\n\t\t\t<\/span>\n<\/li>\n<li class=\"product type-product post-617 status-publish last instock product_cat-aimedo has-post-thumbnail shipping-taxable purchasable product-type-simple\">\n\t<a href=\"https:\/\/sklep2.epruf.pl\/?product=aimedo-gift-pdf\" class=\"woocommerce-LoopProduct-link woocommerce-loop-product__link\"><div class=\"archive-img-wrap\"><img decoding=\"async\" width=\"262\" height=\"167\" src=\"https:\/\/sklep2.epruf.pl\/wp-content\/uploads\/2023\/06\/86-karta-1-2.jpg\" class=\"attachment-woocommerce_thumbnail size-woocommerce_thumbnail\" alt=\"aimedo.gift pdf\" \/><\/div><h2 class=\"woocommerce-loop-product__title\">aimedo.gift pdf<\/h2><div class=\"archive-product-categories\"><a href=\"https:\/\/sklep2.epruf.pl\/?product_cat=aimedo\" rel=\"tag\">Aimedo<\/a><\/div>\n<\/a><a href=\"\/index.php?rest_route=%2Fwp%2Fv2%2Fpages%2F2440&#038;add-to-cart=617\" aria-describedby=\"woocommerce_loop_add_to_cart_link_describedby_617\" data-quantity=\"1\" class=\"button product_type_simple add_to_cart_button ajax_add_to_cart\" data-product_id=\"617\" data-product_sku=\"\" aria-label=\"Dodaj do koszyka: &bdquo;aimedo.gift pdf&rdquo;\" rel=\"nofollow\" data-success_message=\"&ldquo;aimedo.gift pdf&rdquo; zosta\u0142 dodany do twojego koszyka\">Dodaj do koszyka<\/a>\t<span id=\"woocommerce_loop_add_to_cart_link_describedby_617\" class=\"screen-reader-text\">\n\t\t\t<\/span>\n<\/li>\n<li class=\"product type-product post-614 status-publish first instock product_cat-aimedo has-post-thumbnail shipping-taxable purchasable product-type-simple\">\n\t<a href=\"https:\/\/sklep2.epruf.pl\/?product=aimedo-gift\" class=\"woocommerce-LoopProduct-link woocommerce-loop-product__link\"><div class=\"archive-img-wrap\"><img loading=\"lazy\" decoding=\"async\" width=\"262\" height=\"167\" src=\"https:\/\/sklep2.epruf.pl\/wp-content\/uploads\/2023\/06\/86-karta-1-2.jpg\" class=\"attachment-woocommerce_thumbnail size-woocommerce_thumbnail\" alt=\"aimedo.gift\" \/><\/div><h2 class=\"woocommerce-loop-product__title\">aimedo.gift<\/h2><div class=\"archive-product-categories\"><a href=\"https:\/\/sklep2.epruf.pl\/?product_cat=aimedo\" rel=\"tag\">Aimedo<\/a><\/div>\n<\/a><a href=\"\/index.php?rest_route=%2Fwp%2Fv2%2Fpages%2F2440&#038;add-to-cart=614\" aria-describedby=\"woocommerce_loop_add_to_cart_link_describedby_614\" data-quantity=\"1\" class=\"button product_type_simple add_to_cart_button ajax_add_to_cart\" data-product_id=\"614\" data-product_sku=\"\" aria-label=\"Dodaj do koszyka: &bdquo;aimedo.gift&rdquo;\" rel=\"nofollow\" data-success_message=\"&ldquo;aimedo.gift&rdquo; zosta\u0142 dodany do twojego koszyka\">Dodaj do koszyka<\/a>\t<span id=\"woocommerce_loop_add_to_cart_link_describedby_614\" class=\"screen-reader-text\">\n\t\t\t<\/span>\n<\/li>\n<li class=\"product type-product post-612 status-publish instock product_cat-doz has-post-thumbnail purchasable product-type-simple\">\n\t<a href=\"https:\/\/sklep2.epruf.pl\/?product=karta-razem-mozemy-wiecej-1000zl\" class=\"woocommerce-LoopProduct-link woocommerce-loop-product__link\"><div class=\"archive-img-wrap\"><img loading=\"lazy\" decoding=\"async\" width=\"280\" height=\"175\" src=\"https:\/\/sklep2.epruf.pl\/wp-content\/uploads\/2023\/06\/84-karta-1.jpg\" class=\"attachment-woocommerce_thumbnail size-woocommerce_thumbnail\" alt=\"Karta Razem Mo\u017cemy Wi\u0119cej 1000z\u0142\" \/><\/div><h2 class=\"woocommerce-loop-product__title\">Karta Razem Mo\u017cemy Wi\u0119cej 1000z\u0142<\/h2><div class=\"archive-product-categories\"><a href=\"https:\/\/sklep2.epruf.pl\/?product_cat=doz\" rel=\"tag\">DOZ Fundacja<\/a><\/div>\n\t<span class=\"price\"><span class=\"woocommerce-Price-amount amount\"><bdi>1000,00&nbsp;<span class=\"woocommerce-Price-currencySymbol\">&#122;&#322;<\/span><\/bdi><\/span><\/span>\n<\/a><a href=\"\/index.php?rest_route=%2Fwp%2Fv2%2Fpages%2F2440&#038;add-to-cart=612\" aria-describedby=\"woocommerce_loop_add_to_cart_link_describedby_612\" data-quantity=\"1\" class=\"button product_type_simple add_to_cart_button ajax_add_to_cart\" data-product_id=\"612\" data-product_sku=\"\" aria-label=\"Dodaj do koszyka: &bdquo;Karta Razem Mo\u017cemy Wi\u0119cej 1000z\u0142&rdquo;\" rel=\"nofollow\" data-success_message=\"&ldquo;Karta Razem Mo\u017cemy Wi\u0119cej 1000z\u0142&rdquo; zosta\u0142 dodany do twojego koszyka\">Dodaj do koszyka<\/a>\t<span id=\"woocommerce_loop_add_to_cart_link_describedby_612\" class=\"screen-reader-text\">\n\t\t\t<\/span>\n<\/li>\n<li class=\"product type-product post-610 status-publish last instock product_cat-doz has-post-thumbnail shipping-taxable purchasable product-type-simple\">\n\t<a href=\"https:\/\/sklep2.epruf.pl\/?product=karta-razem-mozemy-wiecej-500zl\" class=\"woocommerce-LoopProduct-link woocommerce-loop-product__link\"><div class=\"archive-img-wrap\"><img loading=\"lazy\" decoding=\"async\" width=\"280\" height=\"175\" src=\"https:\/\/sklep2.epruf.pl\/wp-content\/uploads\/2023\/06\/83-karta-1.jpg\" class=\"attachment-woocommerce_thumbnail size-woocommerce_thumbnail\" alt=\"Karta Razem Mo\u017cemy Wi\u0119cej 500z\u0142\" \/><\/div><h2 class=\"woocommerce-loop-product__title\">Karta Razem Mo\u017cemy Wi\u0119cej 500z\u0142<\/h2><div class=\"archive-product-categories\"><a href=\"https:\/\/sklep2.epruf.pl\/?product_cat=doz\" rel=\"tag\">DOZ Fundacja<\/a><\/div>\n\t<span class=\"price\"><span class=\"woocommerce-Price-amount amount\"><bdi>500,00&nbsp;<span class=\"woocommerce-Price-currencySymbol\">&#122;&#322;<\/span><\/bdi><\/span><\/span>\n<\/a><a href=\"\/index.php?rest_route=%2Fwp%2Fv2%2Fpages%2F2440&#038;add-to-cart=610\" aria-describedby=\"woocommerce_loop_add_to_cart_link_describedby_610\" data-quantity=\"1\" class=\"button product_type_simple add_to_cart_button ajax_add_to_cart\" data-product_id=\"610\" data-product_sku=\"\" aria-label=\"Dodaj do koszyka: &bdquo;Karta Razem Mo\u017cemy Wi\u0119cej 500z\u0142&rdquo;\" rel=\"nofollow\" data-success_message=\"&ldquo;Karta Razem Mo\u017cemy Wi\u0119cej 500z\u0142&rdquo; zosta\u0142 dodany do twojego koszyka\">Dodaj do koszyka<\/a>\t<span id=\"woocommerce_loop_add_to_cart_link_describedby_610\" class=\"screen-reader-text\">\n\t\t\t<\/span>\n<\/li>\n<li class=\"product type-product post-608 status-publish first instock product_cat-doz has-post-thumbnail purchasable product-type-simple\">\n\t<a href=\"https:\/\/sklep2.epruf.pl\/?product=karta-razem-mozemy-wiecej-200zl\" class=\"woocommerce-LoopProduct-link woocommerce-loop-product__link\"><div class=\"archive-img-wrap\"><img loading=\"lazy\" decoding=\"async\" width=\"280\" height=\"175\" src=\"https:\/\/sklep2.epruf.pl\/wp-content\/uploads\/2023\/06\/82-karta-1.jpg\" class=\"attachment-woocommerce_thumbnail size-woocommerce_thumbnail\" alt=\"Karta Razem Mo\u017cemy Wi\u0119cej 200z\u0142\" \/><\/div><h2 class=\"woocommerce-loop-product__title\">Karta Razem Mo\u017cemy Wi\u0119cej 200z\u0142<\/h2><div class=\"archive-product-categories\"><a href=\"https:\/\/sklep2.epruf.pl\/?product_cat=doz\" rel=\"tag\">DOZ Fundacja<\/a><\/div>\n\t<span class=\"price\"><span class=\"woocommerce-Price-amount amount\"><bdi>200,00&nbsp;<span class=\"woocommerce-Price-currencySymbol\">&#122;&#322;<\/span><\/bdi><\/span><\/span>\n<\/a><a href=\"\/index.php?rest_route=%2Fwp%2Fv2%2Fpages%2F2440&#038;add-to-cart=608\" aria-describedby=\"woocommerce_loop_add_to_cart_link_describedby_608\" data-quantity=\"1\" class=\"button product_type_simple add_to_cart_button ajax_add_to_cart\" data-product_id=\"608\" data-product_sku=\"\" aria-label=\"Dodaj do koszyka: &bdquo;Karta Razem Mo\u017cemy Wi\u0119cej 200z\u0142&rdquo;\" rel=\"nofollow\" data-success_message=\"&ldquo;Karta Razem Mo\u017cemy Wi\u0119cej 200z\u0142&rdquo; zosta\u0142 dodany do twojego koszyka\">Dodaj do koszyka<\/a>\t<span id=\"woocommerce_loop_add_to_cart_link_describedby_608\" class=\"screen-reader-text\">\n\t\t\t<\/span>\n<\/li>\n<li class=\"product type-product post-606 status-publish instock product_cat-doz has-post-thumbnail purchasable product-type-simple\">\n\t<a href=\"https:\/\/sklep2.epruf.pl\/?product=karta-razem-mozemy-wiecej-100zl\" class=\"woocommerce-LoopProduct-link woocommerce-loop-product__link\"><div class=\"archive-img-wrap\"><img loading=\"lazy\" decoding=\"async\" width=\"280\" height=\"175\" src=\"https:\/\/sklep2.epruf.pl\/wp-content\/uploads\/2023\/06\/81-karta-1.jpg\" class=\"attachment-woocommerce_thumbnail size-woocommerce_thumbnail\" alt=\"Karta Razem Mo\u017cemy Wi\u0119cej 100z\u0142\" \/><\/div><h2 class=\"woocommerce-loop-product__title\">Karta Razem Mo\u017cemy Wi\u0119cej 100z\u0142<\/h2><div class=\"archive-product-categories\"><a href=\"https:\/\/sklep2.epruf.pl\/?product_cat=doz\" rel=\"tag\">DOZ Fundacja<\/a><\/div>\n\t<span class=\"price\"><span class=\"woocommerce-Price-amount amount\"><bdi>100,00&nbsp;<span class=\"woocommerce-Price-currencySymbol\">&#122;&#322;<\/span><\/bdi><\/span><\/span>\n<\/a><a href=\"\/index.php?rest_route=%2Fwp%2Fv2%2Fpages%2F2440&#038;add-to-cart=606\" aria-describedby=\"woocommerce_loop_add_to_cart_link_describedby_606\" data-quantity=\"1\" class=\"button product_type_simple add_to_cart_button ajax_add_to_cart\" data-product_id=\"606\" data-product_sku=\"\" aria-label=\"Dodaj do koszyka: &bdquo;Karta Razem Mo\u017cemy Wi\u0119cej 100z\u0142&rdquo;\" rel=\"nofollow\" data-success_message=\"&ldquo;Karta Razem Mo\u017cemy Wi\u0119cej 100z\u0142&rdquo; zosta\u0142 dodany do twojego koszyka\">Dodaj do koszyka<\/a>\t<span id=\"woocommerce_loop_add_to_cart_link_describedby_606\" class=\"screen-reader-text\">\n\t\t\t<\/span>\n<\/li>\n<li class=\"product type-product post-604 status-publish last outofstock product_cat-doz has-post-thumbnail purchasable product-type-simple\">\n\t<a href=\"https:\/\/sklep2.epruf.pl\/?product=karta-razem-mozemy-wiecej-50zl\" class=\"woocommerce-LoopProduct-link woocommerce-loop-product__link\"><div class=\"archive-img-wrap\"><img loading=\"lazy\" decoding=\"async\" width=\"280\" height=\"175\" src=\"https:\/\/sklep2.epruf.pl\/wp-content\/uploads\/2023\/06\/80-karta-1.jpg\" class=\"attachment-woocommerce_thumbnail size-woocommerce_thumbnail\" alt=\"Karta Razem Mo\u017cemy Wi\u0119cej 50z\u0142\" \/><\/div><h2 class=\"woocommerce-loop-product__title\">Karta Razem Mo\u017cemy Wi\u0119cej 50z\u0142<\/h2><div class=\"archive-product-categories\"><a href=\"https:\/\/sklep2.epruf.pl\/?product_cat=doz\" rel=\"tag\">DOZ Fundacja<\/a><\/div>\n\t<span class=\"price\"><span class=\"woocommerce-Price-amount amount\"><bdi>50,00&nbsp;<span class=\"woocommerce-Price-currencySymbol\">&#122;&#322;<\/span><\/bdi><\/span><\/span>\n<\/a><a href=\"https:\/\/sklep2.epruf.pl\/?product=karta-razem-mozemy-wiecej-50zl\" aria-describedby=\"woocommerce_loop_add_to_cart_link_describedby_604\" data-quantity=\"1\" class=\"button product_type_simple\" data-product_id=\"604\" data-product_sku=\"\" aria-label=\"Przeczytaj wi\u0119cej o &bdquo;Karta Razem Mo\u017cemy Wi\u0119cej 50z\u0142&rdquo;\" rel=\"nofollow\" data-success_message=\"\">Dowiedz si\u0119 wi\u0119cej<\/a>\t<span id=\"woocommerce_loop_add_to_cart_link_describedby_604\" class=\"screen-reader-text\">\n\t\t\t<\/span>\n<\/li>\n<\/ul>\n<div class=\"etww-pagination clr\"><ul class='page-numbers'>\n\t<li><span aria-label=\"Strona 1\" aria-current=\"page\" class=\"page-numbers current\">1<\/span><\/li>\n\t<li><a aria-label=\"Strona 2\" class=\"page-numbers\" href=\"https:\/\/sklep2.epruf.pl\/index.php?rest_route=%2Fwp%2Fv2%2Fpages%2F2440&#038;paged=2\">2<\/a><\/li>\n\t<li><a class=\"next page-numbers\" href=\"https:\/\/sklep2.epruf.pl\/index.php?rest_route=%2Fwp%2Fv2%2Fpages%2F2440&#038;paged=2\"><i class=\"fas fa-angle-right\"><\/i><\/a><\/li>\n<\/ul>\n<\/div><\/div>\t\t\t\t<\/div>\n\t\t\t\t<\/div>\n\t\t\t\t\t<\/div>\n\t\t<\/div>\n\t\t\t\t\t<\/div>\n\t\t<\/section>\n\t\t\t\t<\/div>\n\t\t","protected":false},"excerpt":{"rendered":"<p>Zasilenie konta aimedo Aimedo 0,00&nbsp;&#122;&#322; Dowiedz si\u0119 wi\u0119cej aimedo.gift PDF 0 z\u0142 dla Natury Aimedo 0,00&nbsp;&#122;&#322; Dowiedz si\u0119 wi\u0119cej aimedo.gift pdf Aimedo 0,00&nbsp;&#122;&#322; Dodaj do koszyka aimedo.gift Aimedo 0,00&nbsp;&#122;&#322; Dodaj do koszyka Karta Razem Mo\u017cemy Wi\u0119cej 1000z\u0142 DOZ Fundacja 1000,00&nbsp;&#122;&#322; Dodaj do koszyka Karta Razem Mo\u017cemy Wi\u0119cej 500z\u0142 DOZ Fundacja 500,00&nbsp;&#122;&#322; Dodaj do koszyka Karta Razem Mo\u017cemy&hellip;<\/p>\n","protected":false},"author":1,"featured_media":0,"parent":0,"menu_order":0,"comment_status":"closed","ping_status":"closed","template":"","meta":{"footnotes":""},"class_list":["post-2440","page","type-page","status-publish","hentry"],"jetpack_sharing_enabled":true,"_links":{"self":[{"href":"https:\/\/sklep2.epruf.pl\/index.php?rest_route=\/wp\/v2\/pages\/2440","targetHints":{"allow":["GET"]}}],"collection":[{"href":"https:\/\/sklep2.epruf.pl\/index.php?rest_route=\/wp\/v2\/pages"}],"about":[{"href":"https:\/\/sklep2.epruf.pl\/index.php?rest_route=\/wp\/v2\/types\/page"}],"author":[{"embeddable":true,"href":"https:\/\/sklep2.epruf.pl\/index.php?rest_route=\/wp\/v2\/users\/1"}],"replies":[{"embeddable":true,"href":"https:\/\/sklep2.epruf.pl\/index.php?rest_route=%2Fwp%2Fv2%2Fcomments&post=2440"}],"version-history":[{"count":7,"href":"https:\/\/sklep2.epruf.pl\/index.php?rest_route=\/wp\/v2\/pages\/2440\/revisions"}],"predecessor-version":[{"id":2452,"href":"https:\/\/sklep2.epruf.pl\/index.php?rest_route=\/wp\/v2\/pages\/2440\/revisions\/2452"}],"wp:attachment":[{"href":"https:\/\/sklep2.epruf.pl\/index.php?rest_route=%2Fwp%2Fv2%2Fmedia&parent=2440"}],"curies":[{"name":"wp","href":"https:\/\/api.w.org\/{rel}","templated":true}]}}